{"id":60,"date":"2020-06-25T11:57:19","date_gmt":"2020-06-25T09:57:19","guid":{"rendered":"http:\/\/sport-united.eu\/cz\/?page_id=60"},"modified":"2025-11-13T15:02:39","modified_gmt":"2025-11-13T14:02:39","slug":"sponzori","status":"publish","type":"page","link":"https:\/\/sport-united.eu\/cz\/sponzori\/","title":{"rendered":"Sponzo\u0159i"},"content":{"rendered":"\n<p>D\u011bkuji v\u0161em sponzor\u016fm!<\/p>\n\n\n\n<p>Vielen Dank an alle Sponsoren!<\/p>\n\n\n\n<figure class=\"wp-block-image size-full\"><img decoding=\"async\" src=\"https:\/\/sport-united.eu\/wp-content\/uploads\/2025\/11\/2025-logo-baugeschaeft-roellig.png\" alt=\"\" class=\"wp-image-613\"\/><\/figure>\n\n\n\n<figure class=\"wp-block-image size-full\"><a href=\"https:\/\/www.geruestbau-ufer.de\/\" target=\"_blank\" rel=\" noreferrer noopener\"><img decoding=\"async\" src=\"https:\/\/sport-united.eu\/wp-content\/uploads\/2025\/11\/2025-logo-geruestbau-ufer-logo.jpg\" alt=\"\" class=\"wp-image-612\"\/><\/a><\/figure>\n\n\n\n<figure class=\"wp-block-image size-full\"><a href=\"https:\/\/www.goldschmiede-biedermann.de\/\" target=\"_blank\" rel=\" noreferrer noopener\"><img decoding=\"async\" src=\"https:\/\/sport-united.eu\/wp-content\/uploads\/2025\/11\/2025-logo-goldschmiede.jpg\" alt=\"\" class=\"wp-image-622\"\/><\/a><\/figure>\n\n\n\n<figure class=\"wp-block-image size-full is-resized\"><a href=\"https:\/\/www.savayu.de\/\" target=\"_blank\" rel=\" noreferrer noopener\"><img decoding=\"async\" src=\"https:\/\/sport-united.eu\/wp-content\/uploads\/2025\/11\/2025-logo-savayu.jpg\" alt=\"\" class=\"wp-image-611\" style=\"width:630px;height:auto\"\/><\/a><\/figure>\n\n\n\n<figure class=\"wp-block-image size-full\"><img decoding=\"async\" src=\"https:\/\/sport-united.eu\/wp-content\/uploads\/2025\/11\/2025-logo-sponsor-piepenhagen.jpg\" alt=\"\" class=\"wp-image-615\"\/><\/figure>\n\n\n\n<figure class=\"wp-block-image size-full\"><img decoding=\"async\" src=\"https:\/\/sport-united.eu\/wp-content\/uploads\/2025\/11\/2025-logo-sponsor-kosch.jpg\" alt=\"\" class=\"wp-image-619\"\/><\/figure>\n\n\n\n<figure class=\"wp-block-image size-medium is-resized\"><a href=\"https:\/\/www.sebnitz.de\/\" target=\"_blank\" rel=\"noreferrer noopener\"><img loading=\"lazy\" decoding=\"async\" width=\"300\" height=\"233\" src=\"http:\/\/sport-united.eu\/cz\/wp-content\/uploads\/sites\/2\/2024\/11\/LOGO_Viel_Los_Bei_Uns_4c-300x233.png\" alt=\"\" class=\"wp-image-337\" style=\"width:200px\" srcset=\"https:\/\/sport-united.eu\/cz\/wp-content\/uploads\/sites\/2\/2024\/11\/LOGO_Viel_Los_Bei_Uns_4c-300x233.png 300w, https:\/\/sport-united.eu\/cz\/wp-content\/uploads\/sites\/2\/2024\/11\/LOGO_Viel_Los_Bei_Uns_4c-1024x796.png 1024w, https:\/\/sport-united.eu\/cz\/wp-content\/uploads\/sites\/2\/2024\/11\/LOGO_Viel_Los_Bei_Uns_4c-768x597.png 768w, https:\/\/sport-united.eu\/cz\/wp-content\/uploads\/sites\/2\/2024\/11\/LOGO_Viel_Los_Bei_Uns_4c-810x630.png 810w, https:\/\/sport-united.eu\/cz\/wp-content\/uploads\/sites\/2\/2024\/11\/LOGO_Viel_Los_Bei_Uns_4c.png 1097w\" sizes=\"auto, (max-width: 300px) 100vw, 300px\" \/><\/a><\/figure>\n\n\n\n<figure class=\"wp-block-image size-medium is-resized\"><a href=\"https:\/\/www.velkysenov.cz\/\" target=\"_blank\" rel=\"noreferrer noopener\"><img loading=\"lazy\" decoding=\"async\" width=\"288\" height=\"300\" src=\"http:\/\/sport-united.eu\/cz\/wp-content\/uploads\/sites\/2\/2024\/11\/ZnakVSb-288x300.png\" alt=\"\" class=\"wp-image-338\" style=\"width:200px\" srcset=\"https:\/\/sport-united.eu\/cz\/wp-content\/uploads\/sites\/2\/2024\/11\/ZnakVSb-288x300.png 288w, https:\/\/sport-united.eu\/cz\/wp-content\/uploads\/sites\/2\/2024\/11\/ZnakVSb-981x1024.png 981w, https:\/\/sport-united.eu\/cz\/wp-content\/uploads\/sites\/2\/2024\/11\/ZnakVSb-768x801.png 768w, https:\/\/sport-united.eu\/cz\/wp-content\/uploads\/sites\/2\/2024\/11\/ZnakVSb-1472x1536.png 1472w, https:\/\/sport-united.eu\/cz\/wp-content\/uploads\/sites\/2\/2024\/11\/ZnakVSb-1963x2048.png 1963w, https:\/\/sport-united.eu\/cz\/wp-content\/uploads\/sites\/2\/2024\/11\/ZnakVSb-810x845.png 810w, https:\/\/sport-united.eu\/cz\/wp-content\/uploads\/sites\/2\/2024\/11\/ZnakVSb-1140x1190.png 1140w\" sizes=\"auto, (max-width: 288px) 100vw, 288px\" \/><\/a><\/figure>\n","protected":false},"excerpt":{"rendered":"<p>D\u011bkuji v\u0161em sponzor\u016fm! Vielen Dank an alle Sponsoren!<\/p>\n","protected":false},"author":1,"featured_media":0,"parent":0,"menu_order":0,"comment_status":"closed","ping_status":"closed","template":"","meta":{"footnotes":""},"class_list":["post-60","page","type-page","status-publish","hentry"],"_links":{"self":[{"href":"https:\/\/sport-united.eu\/cz\/wp-json\/wp\/v2\/pages\/60","targetHints":{"allow":["GET"]}}],"collection":[{"href":"https:\/\/sport-united.eu\/cz\/wp-json\/wp\/v2\/pages"}],"about":[{"href":"https:\/\/sport-united.eu\/cz\/wp-json\/wp\/v2\/types\/page"}],"author":[{"embeddable":true,"href":"https:\/\/sport-united.eu\/cz\/wp-json\/wp\/v2\/users\/1"}],"replies":[{"embeddable":true,"href":"https:\/\/sport-united.eu\/cz\/wp-json\/wp\/v2\/comments?post=60"}],"version-history":[{"count":9,"href":"https:\/\/sport-united.eu\/cz\/wp-json\/wp\/v2\/pages\/60\/revisions"}],"predecessor-version":[{"id":443,"href":"https:\/\/sport-united.eu\/cz\/wp-json\/wp\/v2\/pages\/60\/revisions\/443"}],"wp:attachment":[{"href":"https:\/\/sport-united.eu\/cz\/wp-json\/wp\/v2\/media?parent=60"}],"curies":[{"name":"wp","href":"https:\/\/api.w.org\/{rel}","templated":true}]}}