{"id":6,"date":"2020-06-25T08:47:43","date_gmt":"2020-06-25T06:47:43","guid":{"rendered":"http:\/\/sport-united.eu\/cz\/?page_id=6"},"modified":"2020-06-25T08:47:44","modified_gmt":"2020-06-25T06:47:44","slug":"history","status":"publish","type":"page","link":"https:\/\/sport-united.eu\/cz\/projekt\/history\/","title":{"rendered":"History"},"content":{"rendered":"\n<h3 class=\"wp-block-heading\">HC Kanci Doln\u00ed Poustevna<\/h3>\n\n\n\n<div class=\"wp-block-image\"><figure class=\"alignright size-large\"><img loading=\"lazy\" decoding=\"async\" width=\"200\" height=\"202\" src=\"http:\/\/sport-united.eu\/cz\/wp-content\/uploads\/sites\/2\/2020\/06\/logo_hc_kanci.jpg\" alt=\"\" class=\"wp-image-8\"\/><\/figure><\/div>\n\n\n\n<p>Historie hokeje v Doln\u00ed Poustevne zacala hned po druh\u00e9 svetov\u00e9 v\u00e1lce. Nekolik nad\u0161encu (V.Bel, J.Hor\u00e1k, F.Salaba, J.Hofman, V Sochor ) zalo\u017eilo hokejov\u00fd odd\u00edl TJ Jiskra D.Poustevna. Hokej se hr\u00e1l na zamrzl\u00e9m rybn\u00edku. V roce 1948 se zacal budovat zimn\u00ed stadion bez strechy a s pr\u00edrodn\u00edm ledem. TJ Jiskra se prejmenovala na TJ Centroflor. V roce 1984-1987 hr\u00e1la D.Poustevna okresn\u00ed prebor v nem\u017e 1x zv\u00edtezila. V roce 2003 po rozpadu TJ se hokejov\u00fd odd\u00edl osamostatnil a pod n\u00e1zvem HC Kanci Doln\u00ed Poustevna pusob\u00ed dodnes. Hraje spolu s hr\u00e1ci ze Sebnitz a okol\u00ed utk\u00e1n\u00ed neregistrovan\u00fdch hr\u00e1cu.<\/p>\n\n\n\n<p>Predsedou je Miroslav J\u00edrovsk\u00fd, kter\u00fd soucasne tr\u00e9nuje odd\u00edl dospel\u00fdch. \u017d\u00e1kovsk\u00fd a dorosteneck\u00fd odd\u00edl je sloucen s \u017e\u00e1kovsk\u00fdm a dorosteneck\u00fdm odd\u00edlem ze Sebnitz. Vedou ho Ingo Loth (Sebnitzer Eishirsche) a Petr Vom\u00e1cka<br>(HC Kanci ). Odd\u00edl je otevren chlapcum i devcatum. Rozpis tr\u00e9ninku vcetne letn\u00ed pr\u00edpravy je v kalend\u00e1ri tohoto webu.<\/p>\n\n\n\n<p>Puvodn\u00ed zimn\u00ed stadion je v soucasn\u00e9 dobe v dezol\u00e1tn\u00edm stavu a jezd\u00ed se hr\u00e1t do Rumburka.<\/p>\n\n\n\n<h3 class=\"wp-block-heading\">Sebnitz\u0161t\u00ed ledn\u00ed jeleni<\/h3>\n\n\n\n<div class=\"wp-block-image\"><figure class=\"alignright size-large\"><img loading=\"lazy\" decoding=\"async\" width=\"200\" height=\"163\" src=\"http:\/\/sport-united.eu\/cz\/wp-content\/uploads\/sites\/2\/2020\/06\/logo_ssv08.png\" alt=\"\" class=\"wp-image-7\"\/><\/figure><\/div>\n\n\n\n<p>Politick\u00fdm prevratem v Nemecku se jako mnoho jin\u00e9ho, zmenila tak\u00e9 rozmanitost sportovn\u00ed kultury. Nekter\u00e1 sportovn\u00ed odvetv\u00ed zmizela a jin\u00e1 se zas o\u017eila. &#8220;Ji\u017e za b\u00fdval\u00e9 NDR n\u00e1s velmi zaj\u00edmal mezin\u00e1rodn\u00ed hokej, ale nemeli jsme proste \u017e\u00e1dnou mo\u017enost sami si zahr\u00e1t&#8221; r\u00edk\u00e1 Ingo Loth. Po zac\u00e1tc\u00edch u bavorsk\u00e9ho Starbulls Rosenheim, z\u00edskali bratri Heiko a Ingo Lothovi pribli\u017enou predstavu o ledn\u00edm hokeji. Jako prvn\u00ed z rodiny \u0161el na ledovou plochu mal\u00fd Arwed. Ji\u017e jako petilet\u00fd se v Rosenheimu ucil z\u00e1kladum ledn\u00edho hokeje.<\/p>\n\n\n\n<p>Na podzim roku 2002 se ze sv\u00e9ho dlouh\u00e9ho cyklistick\u00e9ho sportovn\u00edho pusoben\u00ed na z\u00e1pade vr\u00e1til zpet do Sebnitz Ingo. N\u00e1sledovaly prvn\u00ed kroky seznamov\u00e1n\u00ed se s ledn\u00edm hokejem v D.Poustevne. Zac\u00e1tkem roku 2003 pak Uli Sturm, Matthias Heydenreich, Ingo Loth a Steffen Hartmann zalo\u017eili z\u00e1jmov\u00e9 uskupen\u00ed &#8220;Ledn\u00ed hokej- Sebnitz&#8221;. V l\u00e9te t\u00e9ho\u017e roku zacali prev\u00e1\u017ene s ml\u00e1de\u017e\u00ed ze Sebnitz hr\u00e1t inline hokej. Vybaven\u00ed se sest\u00e1valo vet\u0161inou z opotrebovan\u00fdch hokejek, kter\u00e9 sebou Ingo privezl a z dlouh\u00fdch d\u017e\u00edn slou\u017e\u00edc\u00edch jako chr\u00e1nice. V zime pak n\u00e1sledoval hokejov\u00fd debut na stadionu s pr\u00edrodn\u00edm ledem v Doln\u00ed Poustevne.<\/p>\n\n\n\n<p>L\u00e9to 2005 bylo tepl\u00e9 a such\u00e9, ide\u00e1ln\u00ed pro inline hokej. Absolutne perfektn\u00ed zima 2005\/2006 l\u00e9to je\u0161te predcila. S velk\u00fdm \u00fasil\u00edm, za podpory mesta Sebnitz, bylo vybudov\u00e1no v are\u00e1lu Soli Vital kluzi\u0161te s pr\u00edrodn\u00edm ledem, na kter\u00e9m jsme mohli dva mes\u00edce hr\u00e1t. Tak\u00e9 v l\u00e9te 2006 melo v\u0161e stoupaj\u00edc\u00ed tendenci. Z\u00edskali jsme k pou\u017e\u00edv\u00e1n\u00ed prvn\u00ed ochrannou v\u00fdstroj a nov\u00e9 hokejky. Zima 2006\/2007 sv\u00fdmi vysok\u00fdmi teplotami n\u00e1m udelala &#8221; c\u00e1ru pres rozpocet&#8221; a tak vzniklo pr\u00e1n\u00ed z\u00edskat mo\u017enost st\u00e1l\u00e9ho tr\u00e9ninku, nez\u00e1visl\u00e9ho na pocas\u00ed. V Dresdner Icebreakers jsme pak nalezli mu\u017estvo, kter\u00ed s n\u00e1mi souc\u00edtilo a s nimi\u017e jsme pak spolecne tr\u00e9novali v Niesky.<\/p>\n\n\n\n<p>27.1. 2007 jsme hr\u00e1li prvn\u00ed hokejov\u00fd hobby-turnaj v Niesky. V Niesky je nekryt\u00fd stadion a nestabiln\u00ed pocas\u00ed n\u00e1s primelo hledat tr\u00e9ninkovou halu, kde bychom mohli tr\u00e9novat nepretr\u017eite. Nalezli jsme ji v CR, ve meste Rumburk a tak sv\u00e9 hokejov\u00e9 umen\u00ed vylep\u0161ujeme tam. N\u00e1sledovaly turnaje a tr\u00e9ninkov\u00e1 utk\u00e1n\u00ed a zrodil se sen o vlastn\u00ed lize. Ten sen se splnil 17.11. 2009, kdy byla zalo\u017eena v\u00fdchodosask\u00e1 hokejov\u00e1 liga, ve kter\u00e9 pusob\u00ed ctyri dru\u017estva, bojuj\u00edc\u00ed o v\u00edtezstv\u00ed. Financn\u00ed pot\u00ed\u017ee v roce 2010 n\u00e1s primely sloucit se s velice \u00faspe\u0161n\u00fdm hr\u00e1csk\u00fdm kolektivem ze Spitzkunnersdorfu v jeden t\u00fdm.<\/p>\n\n\n\n<p>Na\u0161\u00edm c\u00edlem je v projektu HOCKEY-UNITED pracovat s detmi a ml\u00e1de\u017e\u00ed a mimo to nad\u00e1le pokracovat v \u00faspe\u0161n\u00e9 pr\u00e1ci s dospel\u00fdmi.<\/p>\n","protected":false},"excerpt":{"rendered":"<p>HC Kanci Doln\u00ed Poustevna Historie hokeje v Doln\u00ed Poustevne zacala hned po druh\u00e9 svetov\u00e9 v\u00e1lce. Nekolik nad\u0161encu (V.Bel, J.Hor\u00e1k, F.Salaba, J.Hofman, V Sochor ) zalo\u017eilo hokejov\u00fd odd\u00edl TJ Jiskra D.Poustevna. Hokej se hr\u00e1l na zamrzl\u00e9m rybn\u00edku. V roce 1948 se zacal budovat zimn\u00ed stadion bez strechy a s pr\u00edrodn\u00edm ledem. TJ Jiskra se prejmenovala na [&hellip;]<\/p>\n","protected":false},"author":1,"featured_media":0,"parent":2,"menu_order":0,"comment_status":"closed","ping_status":"closed","template":"","meta":{"footnotes":""},"class_list":["post-6","page","type-page","status-publish","hentry"],"_links":{"self":[{"href":"https:\/\/sport-united.eu\/cz\/wp-json\/wp\/v2\/pages\/6","targetHints":{"allow":["GET"]}}],"collection":[{"href":"https:\/\/sport-united.eu\/cz\/wp-json\/wp\/v2\/pages"}],"about":[{"href":"https:\/\/sport-united.eu\/cz\/wp-json\/wp\/v2\/types\/page"}],"author":[{"embeddable":true,"href":"https:\/\/sport-united.eu\/cz\/wp-json\/wp\/v2\/users\/1"}],"replies":[{"embeddable":true,"href":"https:\/\/sport-united.eu\/cz\/wp-json\/wp\/v2\/comments?post=6"}],"version-history":[{"count":1,"href":"https:\/\/sport-united.eu\/cz\/wp-json\/wp\/v2\/pages\/6\/revisions"}],"predecessor-version":[{"id":9,"href":"https:\/\/sport-united.eu\/cz\/wp-json\/wp\/v2\/pages\/6\/revisions\/9"}],"up":[{"embeddable":true,"href":"https:\/\/sport-united.eu\/cz\/wp-json\/wp\/v2\/pages\/2"}],"wp:attachment":[{"href":"https:\/\/sport-united.eu\/cz\/wp-json\/wp\/v2\/media?parent=6"}],"curies":[{"name":"wp","href":"https:\/\/api.w.org\/{rel}","templated":true}]}}