{"id":420,"date":"2025-09-28T08:31:01","date_gmt":"2025-09-28T06:31:01","guid":{"rendered":"https:\/\/sport-united.eu\/cz\/?page_id=420"},"modified":"2025-09-28T08:31:01","modified_gmt":"2025-09-28T06:31:01","slug":"bier-liga-sever-2024-2025","status":"publish","type":"page","link":"https:\/\/sport-united.eu\/cz\/pivni-liga\/bier-liga-sever-2024-2025\/","title":{"rendered":"Bier Liga Sever 2024-2025"},"content":{"rendered":"\n<h3 class=\"wp-block-heading\">Bier Liga Sever stoln\u00edho 2024-2025<\/h3>\n\n\n\n<figure class=\"wp-block-table\"><table><thead><tr><th>t\u00fdm<\/th><th>hry<\/th><th>Body<\/th><th>Br\u00e1ny<\/th><th>Brankov\u00fd rozd\u00edl<\/th><\/tr><\/thead><tbody><tr><td>Draci<\/td><td>25<\/td><td>54<\/td><td>181:133<\/td><td>+48<\/td><\/tr><tr><td>Tasmansti<\/td><td>25<\/td><td>43<\/td><td>163:119<\/td><td>+44<\/td><\/tr><tr><td>Bejci<\/td><td>25<\/td><td>31<\/td><td>141:183<\/td><td>-42<\/td><\/tr><tr><td>Vlci<\/td><td>25<\/td><td>21<\/td><td>110:160<\/td><td>-50<\/td><\/tr><\/tbody><\/table><\/figure>\n\n\n\n<h3 class=\"wp-block-heading\">V\u00fdsledky Bier Liga Sever 2024-2025<\/h3>\n\n\n\n<figure class=\"wp-block-table\"><table class=\"has-fixed-layout\"><thead><tr><th>Datum<\/th><th><strong>Hra<\/strong><\/th><th><strong>v\u00fdsledek<\/strong><\/th><\/tr><\/thead><tbody><tr><td>15.03.2025<\/td><td>Draci \u2013 Bejci<\/td><td>12:2<\/td><\/tr><tr><td>15.03.2025<\/td><td>Vlci \u2013 Tasmansti<\/td><td>4:11<\/td><\/tr><tr><td>08.03.2025<\/td><td>Vlci &#8211; Draci<\/td><td>3:7<\/td><\/tr><tr><td>08.03.2025<\/td><td>Tasmansti &#8211; Bejci<\/td><td>5:0<\/td><\/tr><tr><td>01.03.2025<\/td><td>Vlci &#8211; Bejci<\/td><td>5:3<\/td><\/tr><tr><td>01.03.2025<\/td><td>Tasmansti &#8211; Draci<\/td><td>4:6<\/td><\/tr><tr><td>22.02.2025<\/td><td>Vlci &#8211; Tasmansti<\/td><td>4:8<\/td><\/tr><tr><td>22.02.2025<\/td><td>Draci &#8211; Bejci<\/td><td>12:5<\/td><\/tr><tr><td>15.02.2025<\/td><td>Vlci &#8211; Draci<\/td><td>2:6<\/td><\/tr><tr><td>15.02.2025<\/td><td>Tasmansti &#8211; Bejci<\/td><td>10:5<\/td><\/tr><tr><td>07.02.2025<\/td><td>Tasmansti &#8211; Draci<\/td><td>7:4<\/td><\/tr><tr><td>07.02.2025<\/td><td>Bejci &#8211; Vlci<\/td><td>7:2<\/td><\/tr><tr><td>01.02.2025<\/td><td>Vlci &#8211; Tasmansti<\/td><td>2:12<\/td><\/tr><tr><td>01.02.2025<\/td><td>Draci &#8211; Bejci<\/td><td>12:4<\/td><\/tr><tr><td>25.01.2025<\/td><td>Vlci &#8211; Draci<\/td><td>2:5<\/td><\/tr><tr><td>25.01.2025<\/td><td>Tasmansti &#8211; Bejci<\/td><td>13:5<\/td><\/tr><tr><td>18.01.2025<\/td><td>Vlci &#8211; Bejci<\/td><td>3:7<\/td><\/tr><tr><td>18.01.2025<\/td><td>Tasmansti &#8211; Draci<\/td><td>3:6<\/td><\/tr><tr><td>11.01.2025<\/td><td>Vlci &#8211; Tasmansti<\/td><td>5:2<\/td><\/tr><tr><td>11.01.2025<\/td><td>Draci &#8211; Bejci<\/td><td>7:2<\/td><\/tr><tr><td>04.01.2025<\/td><td>Vlci &#8211; Draci<\/td><td>2:4<\/td><\/tr><tr><td>04.01.2025<\/td><td>Tasmansti &#8211; Bejci<\/td><td>11:2<\/td><\/tr><tr><td>28.12.2024<\/td><td>Vlci &#8211; Tasmansti<\/td><td>6:8<\/td><\/tr><tr><td>28.12.2024<\/td><td>Draci &#8211; Bejci<\/td><td>5:13<\/td><\/tr><tr><td>21.12.2024<\/td><td>Vlci &#8211; Bejci<\/td><td>6:7<\/td><\/tr><tr><td>21.12.2024<\/td><td>Tasmansti &#8211; Draci<\/td><td>11:5<\/td><\/tr><tr><td>14.12.2024<\/td><td>Vlci &#8211; Draci<\/td><td>6:3<\/td><\/tr><tr><td>14.12.2024<\/td><td>Tasmansti &#8211; Bejci<\/td><td>11:2<\/td><\/tr><tr><td>07.12.2024<\/td><td>Vlci &#8211; Tasmansti<\/td><td>2:8<\/td><\/tr><tr><td>07.12.2024<\/td><td>Draci &#8211; Bejci<\/td><td>14:4<\/td><\/tr><tr><td>30.11.2024<\/td><td>Vlci &#8211; Bejci<\/td><td>1:8<\/td><\/tr><tr><td>30.11.2024<\/td><td>Tasmansti &#8211; Draci<\/td><td>4:8<\/td><\/tr><tr><td>23.11.2024<\/td><td>Vlci &#8211; Draci<\/td><td>9:1<\/td><\/tr><tr><td>23.11.2024<\/td><td>Tasmansti &#8211; Bejci<\/td><td>6:7<\/td><\/tr><tr><td>16.11.2024<\/td><td>Vlci &#8211; Tasmansti<\/td><td>1:3<\/td><\/tr><tr><td>16.11.2024<\/td><td>Draci &#8211; Bejci<\/td><td>5:6<\/td><\/tr><tr><td>09.11.2024<\/td><td>Vlci &#8211; Bejci<\/td><td>5:10<\/td><\/tr><tr><td>09.11.2024<\/td><td>Tasmansti &#8211; Draci<\/td><td>3:7<\/td><\/tr><tr><td>02.11.2024<\/td><td>Vlci &#8211; Draci<\/td><td>5:13<\/td><\/tr><tr><td>02.11.2024<\/td><td>Tasmansti &#8211; Bejci<\/td><td>4:4<\/td><\/tr><tr><td>26.10.2024<\/td><td>Vlci &#8211; Tasmansti<\/td><td>2:4<\/td><\/tr><tr><td>26.10.2024<\/td><td>Draci &#8211; Bejci<\/td><td>11:8<\/td><\/tr><tr><td>19.10.2024<\/td><td>Vlci &#8211; Bejci<\/td><td>7:3<\/td><\/tr><tr><td>19.10.2024<\/td><td>Tasmansti &#8211; Draci<\/td><td>4:6<\/td><\/tr><tr><td>12.10.2024<\/td><td>Vlci &#8211; Draci<\/td><td>9:10<\/td><\/tr><tr><td>12.10.2024<\/td><td>Tasmansti &#8211; Bejci<\/td><td>4:9<\/td><\/tr><tr><td>05.10.2024<\/td><td>Vlci &#8211; Tasmansti<\/td><td>8:3<\/td><\/tr><tr><td>05.10.2024<\/td><td>Draci &#8211; Bejci<\/td><td>3:11<\/td><\/tr><tr><td>28.09.2024<\/td><td>Draci &#8211; Tasmansti<\/td><td>9:4<\/td><\/tr><tr><td>28.09.2024<\/td><td>Vlci &#8211; Bejci<\/td><td>9:7<\/td><\/tr><\/tbody><\/table><\/figure>\n\n\n\n<h3 class=\"wp-block-heading\">Hern\u00ed pl\u00e1n 2024-2025<\/h3>\n\n\n\n<figure class=\"wp-block-image size-large\"><img loading=\"lazy\" decoding=\"async\" width=\"506\" height=\"1024\" src=\"https:\/\/sport-united.eu\/cz\/wp-content\/uploads\/sites\/2\/2025\/01\/2025-01-periode4-bierliga-506x1024.jpeg\" alt=\"\" class=\"wp-image-382\" srcset=\"https:\/\/sport-united.eu\/cz\/wp-content\/uploads\/sites\/2\/2025\/01\/2025-01-periode4-bierliga-506x1024.jpeg 506w, https:\/\/sport-united.eu\/cz\/wp-content\/uploads\/sites\/2\/2025\/01\/2025-01-periode4-bierliga-148x300.jpeg 148w, https:\/\/sport-united.eu\/cz\/wp-content\/uploads\/sites\/2\/2025\/01\/2025-01-periode4-bierliga-768x1556.jpeg 768w, https:\/\/sport-united.eu\/cz\/wp-content\/uploads\/sites\/2\/2025\/01\/2025-01-periode4-bierliga-758x1536.jpeg 758w, https:\/\/sport-united.eu\/cz\/wp-content\/uploads\/sites\/2\/2025\/01\/2025-01-periode4-bierliga-810x1641.jpeg 810w, https:\/\/sport-united.eu\/cz\/wp-content\/uploads\/sites\/2\/2025\/01\/2025-01-periode4-bierliga.jpeg 1011w\" sizes=\"auto, (max-width: 506px) 100vw, 506px\" \/><\/figure>\n\n\n\n<figure class=\"wp-block-image size-large\"><img loading=\"lazy\" decoding=\"async\" width=\"530\" height=\"1024\" src=\"http:\/\/sport-united.eu\/cz\/wp-content\/uploads\/sites\/2\/2025\/01\/2025-01-bierliga-1-530x1024.jpg\" alt=\"\" class=\"wp-image-367\" srcset=\"https:\/\/sport-united.eu\/cz\/wp-content\/uploads\/sites\/2\/2025\/01\/2025-01-bierliga-1-530x1024.jpg 530w, https:\/\/sport-united.eu\/cz\/wp-content\/uploads\/sites\/2\/2025\/01\/2025-01-bierliga-1-155x300.jpg 155w, https:\/\/sport-united.eu\/cz\/wp-content\/uploads\/sites\/2\/2025\/01\/2025-01-bierliga-1-768x1484.jpg 768w, https:\/\/sport-united.eu\/cz\/wp-content\/uploads\/sites\/2\/2025\/01\/2025-01-bierliga-1-795x1536.jpg 795w, https:\/\/sport-united.eu\/cz\/wp-content\/uploads\/sites\/2\/2025\/01\/2025-01-bierliga-1-810x1566.jpg 810w, https:\/\/sport-united.eu\/cz\/wp-content\/uploads\/sites\/2\/2025\/01\/2025-01-bierliga-1.jpg 967w\" sizes=\"auto, (max-width: 530px) 100vw, 530px\" \/><\/figure>\n\n\n<a href=\"https:\/\/sport-united.eu\/cz\/wp-content\/uploads\/sites\/2\/2024\/09\/2024-2025-bier-liga.pdf\" class=\"pdfemb-viewer\" style=\"\" data-width=\"max\" data-height=\"max\" data-toolbar=\"bottom\" data-toolbar-fixed=\"off\">2024-2025-bier-liga<\/a>","protected":false},"excerpt":{"rendered":"<p>Bier Liga Sever stoln\u00edho 2024-2025 t\u00fdm hry Body Br\u00e1ny Brankov\u00fd rozd\u00edl Draci 25 54 181:133 +48 Tasmansti 25 43 163:119 +44 Bejci 25 31 141:183 -42 Vlci 25 21 110:160 -50 V\u00fdsledky Bier Liga Sever 2024-2025 Datum Hra v\u00fdsledek 15.03.2025 Draci \u2013 Bejci 12:2 15.03.2025 Vlci \u2013 Tasmansti 4:11 08.03.2025 Vlci &#8211; Draci 3:7 08.03.2025 [&hellip;]<\/p>\n","protected":false},"author":1,"featured_media":0,"parent":175,"menu_order":0,"comment_status":"closed","ping_status":"closed","template":"","meta":{"footnotes":""},"class_list":["post-420","page","type-page","status-publish","hentry"],"_links":{"self":[{"href":"https:\/\/sport-united.eu\/cz\/wp-json\/wp\/v2\/pages\/420","targetHints":{"allow":["GET"]}}],"collection":[{"href":"https:\/\/sport-united.eu\/cz\/wp-json\/wp\/v2\/pages"}],"about":[{"href":"https:\/\/sport-united.eu\/cz\/wp-json\/wp\/v2\/types\/page"}],"author":[{"embeddable":true,"href":"https:\/\/sport-united.eu\/cz\/wp-json\/wp\/v2\/users\/1"}],"replies":[{"embeddable":true,"href":"https:\/\/sport-united.eu\/cz\/wp-json\/wp\/v2\/comments?post=420"}],"version-history":[{"count":1,"href":"https:\/\/sport-united.eu\/cz\/wp-json\/wp\/v2\/pages\/420\/revisions"}],"predecessor-version":[{"id":421,"href":"https:\/\/sport-united.eu\/cz\/wp-json\/wp\/v2\/pages\/420\/revisions\/421"}],"up":[{"embeddable":true,"href":"https:\/\/sport-united.eu\/cz\/wp-json\/wp\/v2\/pages\/175"}],"wp:attachment":[{"href":"https:\/\/sport-united.eu\/cz\/wp-json\/wp\/v2\/media?parent=420"}],"curies":[{"name":"wp","href":"https:\/\/api.w.org\/{rel}","templated":true}]}}