{"id":294,"date":"2024-09-27T11:23:55","date_gmt":"2024-09-27T09:23:55","guid":{"rendered":"http:\/\/sport-united.eu\/cz\/?page_id=294"},"modified":"2024-09-27T11:23:57","modified_gmt":"2024-09-27T09:23:57","slug":"bier-liga-sever-2023-2024","status":"publish","type":"page","link":"https:\/\/sport-united.eu\/cz\/pivni-liga\/bier-liga-sever-2023-2024\/","title":{"rendered":"Bier Liga Sever 2023-2024"},"content":{"rendered":"\n<h3 class=\"wp-block-heading\">Bier Liga Sever stoln\u00edho 2023-2024<\/h3>\n\n\n\n<figure class=\"wp-block-table\"><table><thead><tr><th>t\u00fdm<\/th><th>hry<\/th><th>Br\u00e1ny<\/th><th>Body<\/th><\/tr><\/thead><tbody><tr><td>Draci<\/td><td>25<\/td><td>188:104 (+84)<\/td><td>56<\/td><\/tr><tr><td>Tasmansti<\/td><td>25<\/td><td>119:123 (-4)<\/td><td>37<\/td><\/tr><tr><td>Bejci<\/td><td>25<\/td><td>156:163 (-7)<\/td><td>31<\/td><\/tr><tr><td>Vlci<\/td><td>25<\/td><td>87:164 (-77)<\/td><td>20<\/td><\/tr><\/tbody><\/table><\/figure>\n\n\n\n<h3 class=\"wp-block-heading\">V\u00fdsledky Bier Liga Sever 2023-2024<\/h3>\n\n\n\n<figure class=\"wp-block-table\"><table><thead><tr><th>Datum<\/th><th>Hra<\/th><th>v\u00fdsledek<\/th><\/tr><\/thead><tbody><tr><td>30.03.2024<\/td><td>Vlci &#8211; Draci<\/td><td>2:9<\/td><\/tr><tr><td>30.03.2024<\/td><td>Tasmansti &#8211; Bejci<\/td><td>7:2<\/td><\/tr><tr><td>23.03.2024<\/td><td>Tasmansti &#8211; Draci<\/td><td>0:12<\/td><\/tr><tr><td>23.03.2024<\/td><td>Vlci &#8211; Bejci<\/td><td>4:12<\/td><\/tr><tr><td>16.03.2024<\/td><td>Vlci &#8211; Tasmansti<\/td><td>3:5<\/td><\/tr><tr><td>16.03.2024<\/td><td>Draci &#8211; Bejci<\/td><td>13:9<\/td><\/tr><tr><td>09.03.2024<\/td><td>Vlci &#8211; Draci<\/td><td>4:6<\/td><\/tr><tr><td>09.03.2024<\/td><td>Tasmansti &#8211; Bejci<\/td><td>4:9<\/td><\/tr><tr><td>02.03.2024<\/td><td>Tasmansti &#8211; Draci<\/td><td>4:2<\/td><\/tr><tr><td>02.03.2024<\/td><td>Vlci &#8211; Bejci<\/td><td>5:3<\/td><\/tr><tr><td>24.02.2024<\/td><td>Draci &#8211; Bejci<\/td><td>9:9<\/td><\/tr><tr><td>24.02.2024<\/td><td>Vlci &#8211; Tasmansti<\/td><td>5:3<\/td><\/tr><tr><td>17.02.2024<\/td><td>Vlci &#8211; Draci<\/td><td>4:3<\/td><\/tr><tr><td>17.02.2024<\/td><td>Tasmansti &#8211; Bejci<\/td><td>4:6<\/td><\/tr><tr><td>10.02.2024<\/td><td>Vlci &#8211; Bejci<\/td><td>5:2<\/td><\/tr><tr><td>10.02.2024<\/td><td>Tasmansti &#8211; Draci<\/td><td>9:4<\/td><\/tr><tr><td>03.02.2024<\/td><td>Vlci &#8211; Tasmansti<\/td><td>3:2<\/td><\/tr><tr><td>03.02.2024<\/td><td>Draci &#8211; Bejci<\/td><td>6:4<\/td><\/tr><tr><td>27.01.2024<\/td><td>Tasmansti &#8211; Bejci<\/td><td>11:3<\/td><\/tr><tr><td>27.01.2024<\/td><td>Vlci &#8211; Draci<\/td><td>8:13<\/td><\/tr><tr><td>20.01.2024<\/td><td>Tasmansti &#8211; Draci<\/td><td>0:5<\/td><\/tr><tr><td>20.01.2024<\/td><td>Bejci &#8211; Vlci<\/td><td>18:3<\/td><\/tr><tr><td>13.01.2024<\/td><td>Vlci &#8211; Tasmansti<\/td><td>7:9<\/td><\/tr><tr><td>13.01.2024<\/td><td>Draci &#8211; Bejci<\/td><td>8:3<\/td><\/tr><tr><td>06.01.2024<\/td><td>Vlci &#8211; Draci<\/td><td>2:4<\/td><\/tr><tr><td>06.01.2024<\/td><td>Tasmansti &#8211; Bejci<\/td><td>9:4<\/td><\/tr><tr><td>23.12.2023<\/td><td>Vlci &#8211; Draci<\/td><td>2:9<\/td><\/tr><tr><td>23.12.2023<\/td><td>Tasmansti &#8211; Bejci<\/td><td>7:4<\/td><\/tr><tr><td>16.12.2023<\/td><td>Draci &#8211; Bejci<\/td><td>8:9<\/td><\/tr><tr><td>16.12.2023<\/td><td>Vlci &#8211; Tasmansti<\/td><td>3:6<\/td><\/tr><tr><td>09.12.2023<\/td><td>Vlci &#8211; Bejci<\/td><td>4:7<\/td><\/tr><tr><td>09.12.2023<\/td><td>Tasmansti &#8211; Draci<\/td><td>5:3<\/td><\/tr><tr><td>02.12.2023<\/td><td>Draci &#8211; Vlci<\/td><td>4:3<\/td><\/tr><tr><td>02.12.2023<\/td><td>Bejci &#8211; Tasmansti<\/td><td>5:5<\/td><\/tr><tr><td>25.11.2023<\/td><td>Draci &#8211; Bejci<\/td><td>11:2<\/td><\/tr><tr><td>25.11.2023<\/td><td>Vlci &#8211; Tasmansti<\/td><td>2:2<\/td><\/tr><tr><td>18.11.2023<\/td><td>Vlci &#8211; Bejci<\/td><td>6:6<\/td><\/tr><tr><td>18.11.2023<\/td><td>Tasmansti &#8211; Draci<\/td><td>4:4<\/td><\/tr><tr><td>11.11.2023<\/td><td>Draci &#8211; Vlci<\/td><td>9:0<\/td><\/tr><tr><td>11.11.2023<\/td><td>Bejci &#8211; Tasmansti<\/td><td>3:3<\/td><\/tr><tr><td>04.11.2023<\/td><td>Draci &#8211; Bejci<\/td><td>10:9<\/td><\/tr><tr><td>04.11.2023<\/td><td>Vlci &#8211; Tasmansti<\/td><td>5:4<\/td><\/tr><tr><td>28.10.2023<\/td><td>Tasmansti-Draci<\/td><td>1:10<\/td><\/tr><tr><td>28.10.2023<\/td><td>Vlci-Bejci<\/td><td>2:9<\/td><\/tr><tr><td>21.10.2023<\/td><td>Vlici-Draci<\/td><td>2:4<\/td><\/tr><tr><td>21.10.2023<\/td><td>Tasmansti-Bejci<\/td><td>4:5<\/td><\/tr><tr><td>14.10.2023<\/td><td>Tasmansti-Vlici<\/td><td>5:3<\/td><\/tr><tr><td>14.10.2023<\/td><td>Draci-Bejci<\/td><td>11:3<\/td><\/tr><tr><td>07.10.2023<\/td><td>Draci-Tasmansti<\/td><td>11:6<\/td><\/tr><tr><td>07.10.2023<\/td><td>Vlci-Bejci<\/td><td>4:10<\/td><\/tr><\/tbody><\/table><\/figure>\n\n\n\n<figure class=\"wp-block-image size-large\"><a href=\"http:\/\/sport-united.eu\/cz\/wp-content\/uploads\/sites\/2\/2024\/02\/2023-2024-bierliga-periode-2.png\"><img loading=\"lazy\" decoding=\"async\" width=\"1024\" height=\"643\" src=\"http:\/\/sport-united.eu\/cz\/wp-content\/uploads\/sites\/2\/2024\/02\/2023-2024-bierliga-periode-2-1024x643.png\" alt=\"\" class=\"wp-image-256\" srcset=\"https:\/\/sport-united.eu\/cz\/wp-content\/uploads\/sites\/2\/2024\/02\/2023-2024-bierliga-periode-2-1024x643.png 1024w, https:\/\/sport-united.eu\/cz\/wp-content\/uploads\/sites\/2\/2024\/02\/2023-2024-bierliga-periode-2-300x188.png 300w, https:\/\/sport-united.eu\/cz\/wp-content\/uploads\/sites\/2\/2024\/02\/2023-2024-bierliga-periode-2-768x482.png 768w, https:\/\/sport-united.eu\/cz\/wp-content\/uploads\/sites\/2\/2024\/02\/2023-2024-bierliga-periode-2-810x508.png 810w, https:\/\/sport-united.eu\/cz\/wp-content\/uploads\/sites\/2\/2024\/02\/2023-2024-bierliga-periode-2.png 1050w\" sizes=\"auto, (max-width: 1024px) 100vw, 1024px\" \/><\/a><\/figure>\n\n\n\n<figure class=\"wp-block-image size-full\"><a href=\"http:\/\/sport-united.eu\/cz\/wp-content\/uploads\/sites\/2\/2023\/10\/2023-bierliga.png\"><img loading=\"lazy\" decoding=\"async\" width=\"1119\" height=\"664\" src=\"http:\/\/sport-united.eu\/cz\/wp-content\/uploads\/sites\/2\/2023\/10\/2023-bierliga.png\" alt=\"\" class=\"wp-image-216\" srcset=\"https:\/\/sport-united.eu\/cz\/wp-content\/uploads\/sites\/2\/2023\/10\/2023-bierliga.png 1119w, https:\/\/sport-united.eu\/cz\/wp-content\/uploads\/sites\/2\/2023\/10\/2023-bierliga-300x178.png 300w, https:\/\/sport-united.eu\/cz\/wp-content\/uploads\/sites\/2\/2023\/10\/2023-bierliga-1024x608.png 1024w, https:\/\/sport-united.eu\/cz\/wp-content\/uploads\/sites\/2\/2023\/10\/2023-bierliga-768x456.png 768w, https:\/\/sport-united.eu\/cz\/wp-content\/uploads\/sites\/2\/2023\/10\/2023-bierliga-810x481.png 810w\" sizes=\"auto, (max-width: 1119px) 100vw, 1119px\" \/><\/a><\/figure>\n","protected":false},"excerpt":{"rendered":"<p>Bier Liga Sever stoln\u00edho 2023-2024 t\u00fdm hry Br\u00e1ny Body Draci 25 188:104 (+84) 56 Tasmansti 25 119:123 (-4) 37 Bejci 25 156:163 (-7) 31 Vlci 25 87:164 (-77) 20 V\u00fdsledky Bier Liga Sever 2023-2024 Datum Hra v\u00fdsledek 30.03.2024 Vlci &#8211; Draci 2:9 30.03.2024 Tasmansti &#8211; Bejci 7:2 23.03.2024 Tasmansti &#8211; Draci 0:12 23.03.2024 Vlci &#8211; [&hellip;]<\/p>\n","protected":false},"author":1,"featured_media":0,"parent":175,"menu_order":0,"comment_status":"closed","ping_status":"closed","template":"","meta":{"footnotes":""},"class_list":["post-294","page","type-page","status-publish","hentry"],"_links":{"self":[{"href":"https:\/\/sport-united.eu\/cz\/wp-json\/wp\/v2\/pages\/294","targetHints":{"allow":["GET"]}}],"collection":[{"href":"https:\/\/sport-united.eu\/cz\/wp-json\/wp\/v2\/pages"}],"about":[{"href":"https:\/\/sport-united.eu\/cz\/wp-json\/wp\/v2\/types\/page"}],"author":[{"embeddable":true,"href":"https:\/\/sport-united.eu\/cz\/wp-json\/wp\/v2\/users\/1"}],"replies":[{"embeddable":true,"href":"https:\/\/sport-united.eu\/cz\/wp-json\/wp\/v2\/comments?post=294"}],"version-history":[{"count":1,"href":"https:\/\/sport-united.eu\/cz\/wp-json\/wp\/v2\/pages\/294\/revisions"}],"predecessor-version":[{"id":295,"href":"https:\/\/sport-united.eu\/cz\/wp-json\/wp\/v2\/pages\/294\/revisions\/295"}],"up":[{"embeddable":true,"href":"https:\/\/sport-united.eu\/cz\/wp-json\/wp\/v2\/pages\/175"}],"wp:attachment":[{"href":"https:\/\/sport-united.eu\/cz\/wp-json\/wp\/v2\/media?parent=294"}],"curies":[{"name":"wp","href":"https:\/\/api.w.org\/{rel}","templated":true}]}}