{"id":2,"date":"2020-06-25T08:21:36","date_gmt":"2020-06-25T06:21:36","guid":{"rendered":"http:\/\/sport-united.eu\/cz\/?page_id=2"},"modified":"2024-10-09T13:15:50","modified_gmt":"2024-10-09T11:15:50","slug":"projekt","status":"publish","type":"page","link":"https:\/\/sport-united.eu\/cz\/projekt\/","title":{"rendered":"Projekt"},"content":{"rendered":"\n<p>Hokej je velmi zaj\u00edmav\u00e1 a n\u00e1rocn\u00e1 kolektivn\u00ed har. Proto ji pr\u00e1ve deti a mlad\u00ed lid\u00e9 r\u00e1di hraj\u00ed : mohouse pri hre spr\u00e1vne vydov\u00e1det, str\u00edlet branky a stmelit kolektiv.<\/p>\n\n\n\n<p>Za tuto preshranicn\u00ed cinnost a v\u0161e co je s n\u00ed spojen\u00e9 jsou zodpovedn\u00e9 obe strany hranice <a href=\"http:\/\/www.sebnitz.de\/\" target=\"_blank\" rel=\"noreferrer noopener\">Sebnitz<\/a> &#8211; <a href=\"http:\/\/dolnipoustevna.cz\/\" target=\"_blank\" rel=\"noreferrer noopener\">Doln\u00ed Poustevna<\/a>. Vznikla spolecn\u00e1 tr\u00e9ningov\u00e1 pr\u00e1ce s 30 a\u017e 50 detmi, kter\u00e9 se pravidelne sch\u00e1zej\u00ed v letn\u00edm obdob\u00ed v Sebnitz (D) na in-line hokeji a v zimn\u00edm obdob\u00ed na zimn\u00edm stadionu v Rumburku (CZ) na ledn\u00edm hokeji. D\u00edky temto pravideln\u00fdm setk\u00e1v\u00e1n\u00edm det\u00ed a ml\u00e1de\u017ee prisp\u00edv\u00e1me ke sbli\u017eov\u00e1n\u00ed obou n\u00e1rodu.<\/p>\n\n\n\n<p>Za n\u00e1\u0161 p\u0159eshrani\u010dn\u00ed projekt jsou zodpov\u011bdn\u00ed:<\/p>\n\n\n\n<ul class=\"wp-block-list\">\n<li>na \u010desk\u00e9 stran\u011b Martina B\u00f6hme 01754140750 (z\u00e1stupkyn\u011b m\u011bsta Doln\u00ed Poustevna)<\/li>\n\n\n\n<li>na n\u011bmeck\u00e9 stran\u011b Ingo Loth 01735602278 (p\u0159edseda Sebnitzer Sport Verein &#8217;08 e.V.).<\/li>\n<\/ul>\n\n\n\n<p><strong>Dohoda o spolupr\u00e1ci: HC Kanci Doln\u00ed Poustevna &#8211; Sebnitzer Sport-Verein 08 e.V.<\/strong><\/p>\n\n\n\n<p><\/p>\n","protected":false},"excerpt":{"rendered":"<p>Hokej je velmi zaj\u00edmav\u00e1 a n\u00e1rocn\u00e1 kolektivn\u00ed har. Proto ji pr\u00e1ve deti a mlad\u00ed lid\u00e9 r\u00e1di hraj\u00ed : mohouse pri hre spr\u00e1vne vydov\u00e1det, str\u00edlet branky a stmelit kolektiv. Za tuto preshranicn\u00ed cinnost a v\u0161e co je s n\u00ed spojen\u00e9 jsou zodpovedn\u00e9 obe strany hranice Sebnitz &#8211; Doln\u00ed Poustevna. Vznikla spolecn\u00e1 tr\u00e9ningov\u00e1 pr\u00e1ce s 30 a\u017e [&hellip;]<\/p>\n","protected":false},"author":1,"featured_media":0,"parent":0,"menu_order":0,"comment_status":"closed","ping_status":"open","template":"","meta":{"footnotes":""},"class_list":["post-2","page","type-page","status-publish","hentry"],"_links":{"self":[{"href":"https:\/\/sport-united.eu\/cz\/wp-json\/wp\/v2\/pages\/2","targetHints":{"allow":["GET"]}}],"collection":[{"href":"https:\/\/sport-united.eu\/cz\/wp-json\/wp\/v2\/pages"}],"about":[{"href":"https:\/\/sport-united.eu\/cz\/wp-json\/wp\/v2\/types\/page"}],"author":[{"embeddable":true,"href":"https:\/\/sport-united.eu\/cz\/wp-json\/wp\/v2\/users\/1"}],"replies":[{"embeddable":true,"href":"https:\/\/sport-united.eu\/cz\/wp-json\/wp\/v2\/comments?post=2"}],"version-history":[{"count":2,"href":"https:\/\/sport-united.eu\/cz\/wp-json\/wp\/v2\/pages\/2\/revisions"}],"predecessor-version":[{"id":308,"href":"https:\/\/sport-united.eu\/cz\/wp-json\/wp\/v2\/pages\/2\/revisions\/308"}],"wp:attachment":[{"href":"https:\/\/sport-united.eu\/cz\/wp-json\/wp\/v2\/media?parent=2"}],"curies":[{"name":"wp","href":"https:\/\/api.w.org\/{rel}","templated":true}]}}