{"id":175,"date":"2022-10-06T11:30:26","date_gmt":"2022-10-06T09:30:26","guid":{"rendered":"http:\/\/sport-united.eu\/cz\/?page_id=175"},"modified":"2026-03-16T09:00:15","modified_gmt":"2026-03-16T08:00:15","slug":"pivni-liga","status":"publish","type":"page","link":"https:\/\/sport-united.eu\/cz\/pivni-liga\/","title":{"rendered":"Bier Liga Sever"},"content":{"rendered":"\n<h3 class=\"wp-block-heading\">Bier Liga Sever stoln\u00edho 2025-2026<\/h3>\n\n\n\n<figure class=\"wp-block-table\"><table><thead><tr><th>t\u00fdm<\/th><th>hry<\/th><th>Body<\/th><th>Br\u00e1ny<\/th><th>Brankov\u00fd rozd\u00edl<\/th><\/tr><\/thead><tbody><tr><td>HC Certi<\/td><td>22<\/td><td>47<\/td><td>180:104<\/td><td>+76<\/td><\/tr><tr><td>HC Bejci<\/td><td>22<\/td><td>30<\/td><td>138:141<\/td><td>-3<\/td><\/tr><tr><td>HC Draci<\/td><td>22<\/td><td>26<\/td><td>111:141<\/td><td>-30<\/td><\/tr><tr><td>HC Smecka<\/td><td>22<\/td><td>26<\/td><td>109:152<\/td><td>-43<\/td><\/tr><\/tbody><\/table><\/figure>\n\n\n\n<h3 class=\"wp-block-heading\">V\u00fdsledky Bier Liga Sever 2025-2026<\/h3>\n\n\n\n<figure class=\"wp-block-table\"><table class=\"has-fixed-layout\"><tbody><tr><td>14.03.2026<\/td><td>HC Certi &#8211; HC Smecka<\/td><td>4:4<\/td><\/tr><tr><td>14.03.2026<\/td><td>HC Bejci &#8211; HC Draci<\/td><td>10:6<\/td><\/tr><tr><td>07.03.2026<\/td><td>HC Certi &#8211; HC Bejci<\/td><td>8:7<\/td><\/tr><tr><td>07.03.2026<\/td><td>HC Draci &#8211; HC Smecka<\/td><td>5:14<\/td><\/tr><tr><td>21.02.2026<\/td><td>HC Certi &#8211; HC Smecka<\/td><td>13:1<\/td><\/tr><tr><td>21.02.2026<\/td><td>HC Bejci &#8211; HC Draci<\/td><td>11:3<\/td><\/tr><tr><td>14.02.2026<\/td><td>HC Certi &#8211; HC Bejci<\/td><td>4:2<\/td><\/tr><tr><td>14.02.2026<\/td><td>HC Draci &#8211; HC Smecka<\/td><td>1:10<\/td><\/tr><tr><td>07.02.2026<\/td><td>HC Certi &#8211; HC Draci<\/td><td>7:4<\/td><\/tr><tr><td>07.02.2026<\/td><td>HC Bejci &#8211; HC Smecka<\/td><td>8:2<\/td><\/tr><tr><td>24.01.2026<\/td><td>HC Certi &#8211; HC Bejci<\/td><td>13:5<\/td><\/tr><tr><td>24.01.2026<\/td><td>HC Draci &#8211; HC Smecka<\/td><td>3:2<\/td><\/tr><tr><td>17.01.2026<\/td><td>HC Draci &#8211; HC Certi<\/td><td>8:4<\/td><\/tr><tr><td>17.01.2026<\/td><td>HC Smecka &#8211; HC Bejci<\/td><td>6:5<\/td><\/tr><tr><td>10.01.2026<\/td><td>HC Certi &#8211; HC Smecka<\/td><td>6:7<\/td><\/tr><tr><td>10.01.2026<\/td><td>HC Bejci &#8211; HC Draci<\/td><td>5:3<\/td><\/tr><tr><td>03.01.2026<\/td><td>HC Certi &#8211; HC Bejci<\/td><td>6:8<\/td><\/tr><tr><td>03.01.2026<\/td><td>HC Draci &#8211; HC Smecka<\/td><td>7:3<\/td><\/tr><tr><td>27.12.2025<\/td><td>HC Certi &#8211; HC Draci<\/td><td>7:3<\/td><\/tr><tr><td>27.12.2025<\/td><td>HC Smecka &#8211; HC Bejci<\/td><td>9:6<\/td><\/tr><tr><td>20.12.2025<\/td><td>HC Certi &#8211; HC Smecka<\/td><td>7:6<\/td><\/tr><tr><td>20.12.2025<\/td><td>HC Draci &#8211; HC Bejci<\/td><td>10:5<\/td><\/tr><tr><td>13.12.2025<\/td><td>HC Certi &#8211; HC Bejci<\/td><td>20:0<\/td><\/tr><tr><td>13.12.2025<\/td><td>HC Smecka &#8211; HC Draci<\/td><td>8:4<\/td><\/tr><tr><td>06.12.2025<\/td><td>HC Certi &#8211; HC Draci<\/td><td>5:7<\/td><\/tr><tr><td>06.12.2025<\/td><td>HC Smecka &#8211; HC Bejci<\/td><td>7:4<\/td><\/tr><tr><td>27.11.2025<\/td><td>HC Certi &#8211; HC Smecka<\/td><td>14:0<\/td><\/tr><tr><td>27.11.2025<\/td><td>HC Draci &#8211; HC Bejci<\/td><td>4:3<\/td><\/tr><tr><td>22.11.2025<\/td><td>HC Certi &#8211; HC Bejci<\/td><td>10:12<\/td><\/tr><tr><td>22.11.2025<\/td><td>HC Draci &#8211; HC Smecka<\/td><td>9:4<\/td><\/tr><tr><td>15.11.2025<\/td><td>HC Certi &#8211; HC Draci<\/td><td>5:5<\/td><\/tr><tr><td>15.11.2025<\/td><td>HC Smecka &#8211; HC Bejci<\/td><td>3:9<\/td><\/tr><tr><td>08.11.2025<\/td><td>HC Certi &#8211; HC Smecka<\/td><td>14:8<\/td><\/tr><tr><td>08.11.2025<\/td><td>HC Draci &#8211; HC Bejci<\/td><td>10:3<\/td><\/tr><tr><td>01.11.2025<\/td><td>HC Certi &#8211; HC Bejci<\/td><td>6:3<\/td><\/tr><tr><td>01.11.2025<\/td><td>HC Draci &#8211; HC Smecka<\/td><td>3:4<\/td><\/tr><tr><td>25.10.2025<\/td><td>HC Certi &#8211; HC Draci<\/td><td>6:3<\/td><\/tr><tr><td>25.10.2025<\/td><td>HC Smecka &#8211; HC Bejci<\/td><td>3:12<\/td><\/tr><tr><td>18.10.2025<\/td><td>HC Draci &#8211; HC Bejci<\/td><td>3:10<\/td><\/tr><tr><td>18.10.2025<\/td><td>HC Certi &#8211; HC Smecka<\/td><td>6:3<\/td><\/tr><tr><td>11.10.2025<\/td><td>HC Draci &#8211; HC Smecka<\/td><td>5:5<\/td><\/tr><tr><td>11.10.2025<\/td><td>HC Certi &#8211; HC Bejci<\/td><td>5:3<\/td><\/tr><tr><td>04.10.2025<\/td><td>HC Draci &#8211; HC Certi<\/td><td>5:10<\/td><\/tr><tr><td>04.10.2025<\/td><td>HC Bejci &#8211; HC Smecka<\/td><td>7:0<\/td><\/tr><\/tbody><\/table><\/figure>\n\n\n\n<h3 class=\"wp-block-heading\">Hern\u00ed pl\u00e1n 2025-2026<\/h3>\n\n\n\n<figure class=\"wp-block-image size-large\"><img loading=\"lazy\" decoding=\"async\" width=\"576\" height=\"1024\" src=\"https:\/\/sport-united.eu\/cz\/wp-content\/uploads\/sites\/2\/2025\/09\/2025-01-spielplan-576x1024.jpeg\" alt=\"\" class=\"wp-image-423\" srcset=\"https:\/\/sport-united.eu\/cz\/wp-content\/uploads\/sites\/2\/2025\/09\/2025-01-spielplan-576x1024.jpeg 576w, https:\/\/sport-united.eu\/cz\/wp-content\/uploads\/sites\/2\/2025\/09\/2025-01-spielplan-169x300.jpeg 169w, https:\/\/sport-united.eu\/cz\/wp-content\/uploads\/sites\/2\/2025\/09\/2025-01-spielplan-768x1365.jpeg 768w, https:\/\/sport-united.eu\/cz\/wp-content\/uploads\/sites\/2\/2025\/09\/2025-01-spielplan-864x1536.jpeg 864w, https:\/\/sport-united.eu\/cz\/wp-content\/uploads\/sites\/2\/2025\/09\/2025-01-spielplan-810x1440.jpeg 810w, https:\/\/sport-united.eu\/cz\/wp-content\/uploads\/sites\/2\/2025\/09\/2025-01-spielplan.jpeg 900w\" sizes=\"auto, (max-width: 576px) 100vw, 576px\" \/><\/figure>\n\n\n\n<h4 class=\"wp-block-heading\">Historie posledn\u00edch sez\u00f3n<\/h4>\n\n\n\n<ul class=\"wp-block-list\">\n<li><a href=\"https:\/\/sport-united.eu\/cz\/pivni-liga\/bier-liga-sever-2024-2025\/\" data-type=\"page\" data-id=\"420\">Bier Liga Sever stoln\u00edho 2024-2025<\/a><\/li>\n\n\n\n<li><a href=\"http:\/\/sport-united.eu\/cz\/pivni-liga\/bier-liga-sever-2023-2024\/\" data-type=\"page\" data-id=\"294\">Bier Liga Sever stoln\u00edho 2023-2024<\/a><\/li>\n\n\n\n<li><a href=\"http:\/\/sport-united.eu\/cz\/pivni-liga\/bier-liga-sever-2022\/\" data-type=\"page\" data-id=\"210\">Bier Liga Sever stoln\u00edho 2022-2023<\/a><\/li>\n<\/ul>\n\n\n\n<p><\/p>\n","protected":false},"excerpt":{"rendered":"<p>Bier Liga Sever stoln\u00edho 2025-2026 t\u00fdm hry Body Br\u00e1ny Brankov\u00fd rozd\u00edl HC Certi 22 47 180:104 +76 HC Bejci 22 30 138:141 -3 HC Draci 22 26 111:141 -30 HC Smecka 22 26 109:152 -43 V\u00fdsledky Bier Liga Sever 2025-2026 14.03.2026 HC Certi &#8211; HC Smecka 4:4 14.03.2026 HC Bejci &#8211; HC Draci 10:6 07.03.2026 [&hellip;]<\/p>\n","protected":false},"author":1,"featured_media":0,"parent":0,"menu_order":0,"comment_status":"closed","ping_status":"closed","template":"","meta":{"footnotes":""},"class_list":["post-175","page","type-page","status-publish","hentry"],"_links":{"self":[{"href":"https:\/\/sport-united.eu\/cz\/wp-json\/wp\/v2\/pages\/175","targetHints":{"allow":["GET"]}}],"collection":[{"href":"https:\/\/sport-united.eu\/cz\/wp-json\/wp\/v2\/pages"}],"about":[{"href":"https:\/\/sport-united.eu\/cz\/wp-json\/wp\/v2\/types\/page"}],"author":[{"embeddable":true,"href":"https:\/\/sport-united.eu\/cz\/wp-json\/wp\/v2\/users\/1"}],"replies":[{"embeddable":true,"href":"https:\/\/sport-united.eu\/cz\/wp-json\/wp\/v2\/comments?post=175"}],"version-history":[{"count":91,"href":"https:\/\/sport-united.eu\/cz\/wp-json\/wp\/v2\/pages\/175\/revisions"}],"predecessor-version":[{"id":482,"href":"https:\/\/sport-united.eu\/cz\/wp-json\/wp\/v2\/pages\/175\/revisions\/482"}],"wp:attachment":[{"href":"https:\/\/sport-united.eu\/cz\/wp-json\/wp\/v2\/media?parent=175"}],"curies":[{"name":"wp","href":"https:\/\/api.w.org\/{rel}","templated":true}]}}