{"id":10,"date":"2020-06-25T08:50:13","date_gmt":"2020-06-25T06:50:13","guid":{"rendered":"http:\/\/sport-united.eu\/cz\/?page_id=10"},"modified":"2024-10-14T08:14:04","modified_gmt":"2024-10-14T06:14:04","slug":"trening","status":"publish","type":"page","link":"https:\/\/sport-united.eu\/cz\/trening\/","title":{"rendered":"Tr\u00e9ning"},"content":{"rendered":"\n<p>Po &#8211; 15 &#8211; 16:30 hod. Sebnitz obecn\u00ed tr\u00e9nink pro mlad\u00e9 talenty<\/p>\n\n\n\n<p>\u00dat \u2013 17:30 \u2013 19:30 Start \u201eGasthaus Goldener Hirsch\u201c na horsk\u00e9m kole ml\u00e1de\u017e \/ dosp\u011bl\u00ed<\/p>\n\n\n\n<p>st &#8211; 17:30 &#8211; 18:30 Solivital inline hokej (l\u00e9to) florbal (zima) mlad\u00fd talent<\/p>\n\n\n\n<p>\u010ct \u2013 17:30 &#8211; 19:00 Start parkovi\u0161t\u011b Bakery Gnauck Running skupina dosp\u011bl\u00ed<\/p>\n\n\n\n<p>P\u00e1 &#8211; 17:30 &#8211; 20:30 Sportovn\u00ed hala Sebnitzova gymn\u00e1zia Basketbal D\u011bti \/ Ml\u00e1de\u017e \/ Dosp\u011bl\u00ed<\/p>\n\n\n\n<p>So &#8211; 8.30 &#8211; 11.00 Zimn\u00ed stadion Varnsdorf ml\u00e1de\u017enick\u00fd hokej<\/p>\n\n\n\n<p>so \u2013 17 \u2013 21 hodin ledn\u00ed hokej Varnsdorf a Rumburk \u201ePivn\u00ed liga\u201c<\/p>\n","protected":false},"excerpt":{"rendered":"<p>Po &#8211; 15 &#8211; 16:30 hod. Sebnitz obecn\u00ed tr\u00e9nink pro mlad\u00e9 talenty \u00dat \u2013 17:30 \u2013 19:30 Start \u201eGasthaus Goldener Hirsch\u201c na horsk\u00e9m kole ml\u00e1de\u017e \/ dosp\u011bl\u00ed st &#8211; 17:30 &#8211; 18:30 Solivital inline hokej (l\u00e9to) florbal (zima) mlad\u00fd talent \u010ct \u2013 17:30 &#8211; 19:00 Start parkovi\u0161t\u011b Bakery Gnauck Running skupina dosp\u011bl\u00ed P\u00e1 &#8211; 17:30 [&hellip;]<\/p>\n","protected":false},"author":1,"featured_media":0,"parent":0,"menu_order":0,"comment_status":"closed","ping_status":"closed","template":"","meta":{"footnotes":""},"class_list":["post-10","page","type-page","status-publish","hentry"],"_links":{"self":[{"href":"https:\/\/sport-united.eu\/cz\/wp-json\/wp\/v2\/pages\/10","targetHints":{"allow":["GET"]}}],"collection":[{"href":"https:\/\/sport-united.eu\/cz\/wp-json\/wp\/v2\/pages"}],"about":[{"href":"https:\/\/sport-united.eu\/cz\/wp-json\/wp\/v2\/types\/page"}],"author":[{"embeddable":true,"href":"https:\/\/sport-united.eu\/cz\/wp-json\/wp\/v2\/users\/1"}],"replies":[{"embeddable":true,"href":"https:\/\/sport-united.eu\/cz\/wp-json\/wp\/v2\/comments?post=10"}],"version-history":[{"count":2,"href":"https:\/\/sport-united.eu\/cz\/wp-json\/wp\/v2\/pages\/10\/revisions"}],"predecessor-version":[{"id":313,"href":"https:\/\/sport-united.eu\/cz\/wp-json\/wp\/v2\/pages\/10\/revisions\/313"}],"wp:attachment":[{"href":"https:\/\/sport-united.eu\/cz\/wp-json\/wp\/v2\/media?parent=10"}],"curies":[{"name":"wp","href":"https:\/\/api.w.org\/{rel}","templated":true}]}}